{"id":11395,"date":"2020-04-07T13:59:00","date_gmt":"2020-04-07T11:59:00","guid":{"rendered":"https:\/\/egis.hr\/esg\/"},"modified":"2023-12-05T14:33:58","modified_gmt":"2023-12-05T13:33:58","slug":"esg","status":"publish","type":"page","link":"https:\/\/egis.hr\/en\/esg\/","title":{"rendered":"ESG"},"content":{"rendered":"\t\t<div data-elementor-type=\"wp-page\" data-elementor-id=\"11395\" class=\"elementor elementor-11395 elementor-11\" data-elementor-post-type=\"page\">\n\t\t\t\t\t\t\t<div class=\"elementor-element elementor-element-37828ef e-flex e-con-boxed e-con e-parent\" data-id=\"37828ef\" data-element_type=\"container\" data-settings=\"{&quot;container_type&quot;:&quot;flex&quot;,&quot;content_width&quot;:&quot;boxed&quot;}\" data-core-v316-plus=\"true\">\n\t\t\t\t\t<div class=\"e-con-inner\">\n\t\t<div class=\"elementor-element elementor-element-c89244d e-con-full e-flex e-con e-child\" data-id=\"c89244d\" data-element_type=\"container\" data-settings=\"{&quot;background_background&quot;:&quot;classic&quot;,&quot;content_width&quot;:&quot;full&quot;,&quot;container_type&quot;:&quot;flex&quot;}\">\n\t\t\t\t<div class=\"elementor-element elementor-element-019229f img-align-mobile-top image-vertical-align-center image-vertical-align-tablet-start img-align-top preserve-img-ratio-contain icon-box-vertical-align-top slide-h-position-left elementor-widget elementor-widget-the7-elements-simple-posts\" data-id=\"019229f\" data-element_type=\"widget\" data-widget_type=\"the7-elements-simple-posts.default\">\n\t\t\t\t<div class=\"elementor-widget-container\">\n\t\t\t<div class=\"the7-simple-widget-posts the7-elementor-widget the7-elements-simple-posts-019229f\" data-post-limit=\"-1\" data-pagination-mode=\"standard\" data-scroll-offset=\"\">\t\t\t<div class=\"dt-css-grid custom-pagination-handler\" data-columns=\"{&quot;d&quot;:3,&quot;t&quot;:2,&quot;p&quot;:1,&quot;wd&quot;:&quot;&quot;}\">\n\t\t\t\t\t\t\t\t\t<div class=\"wf-cell visible \">\n\t\t\t\t\t\t<article class=\"post visible wrapper post-13074 type-post status-publish format-standard has-post-thumbnail hentry category-esg-info category-122 description-off\">\n\n\t\t\t\t\t\t\t<div class=\"post-content-wrapper\">\n\t\t\t\t\t\t\t\t\t\t\t\t\t\t\t\t\t<div class=\"the7-simple-post-thumb\">\n\t\t\t\t\t\t\t\t\t\t<a class=\"post-thumbnail-rollover layzr-bg img-css-resize-wrapper\" aria-label=\"Post image\" href=\"https:\/\/egis.hr\/en\/world-environment-day-2025\/\"><img fetchpriority=\"high\" decoding=\"async\" width=\"800\" height=\"500\" src=\"data:image\/svg+xml,%3Csvg%20xmlns%3D&#039;http%3A%2F%2Fwww.w3.org%2F2000%2Fsvg&#039;%20viewBox%3D&#039;0%200%20800%20500&#039;%2F%3E\" class=\"attachment-full size-full preload-me aspect lazy lazy-load\" alt=\"\" sizes=\"(max-width: 800px) 100vw, 800px\" style=\"--ratio: 800 \/ 500;\" data-src=\"https:\/\/egis.hr\/wp-content\/uploads\/2025\/06\/POSTER-2025-Svjetski-dan-TH.jpg\" loading=\"eager\" data-srcset=\"https:\/\/egis.hr\/wp-content\/uploads\/2025\/06\/POSTER-2025-Svjetski-dan-TH.jpg 800w, https:\/\/egis.hr\/wp-content\/uploads\/2025\/06\/POSTER-2025-Svjetski-dan-TH-300x188.jpg 300w, https:\/\/egis.hr\/wp-content\/uploads\/2025\/06\/POSTER-2025-Svjetski-dan-TH-768x480.jpg 768w\" \/><span class=\"the7-hover-icon\"><\/span><\/a>\t\t\t\t\t\t\t\t\t<\/div>\n\t\t\t\t\t\t\t\t\t\t\t\t\t\t\t\t<div class=\"post-entry-content\">\n\t\t\t\t\t\t\t\t\t<h5 class=\"heading\"><a href=\"https:\/\/egis.hr\/en\/world-environment-day-2025\/\" rel=\"bookmark\" title=\"WORLD ENVIRONMENT DAY 2025\" class=\"post-title\">WORLD ENVIRONMENT DAY 2025<\/a><\/h5><div class=\"entry-meta\"><span class=\"meta-item data-link\"><time class=\"entry-date updated\" datetime=\"2025-06-17T12:17:48+02:00\">17\/06\/2025<\/time><\/span><\/div><p class=\"short-description\">Overconsumption is killing us. Humanity needs an intervention. Change starts with us.<\/p><a href=\"https:\/\/egis.hr\/en\/world-environment-day-2025\/\" target=\"\" aria-label=\"Read more about WORLD ENVIRONMENT DAY 2025\" class=\"box-button elementor-button elementor-size-sm\">More<\/a>\t\t\t\t\t\t\t\t<\/div>\n\t\t\t\t\t\t\t<\/div>\n\t\t\t\t\t\t<\/article>\n\t\t\t\t\t<\/div>\t\t\t\t\t\t\t\t\t\t<div class=\"wf-cell visible \">\n\t\t\t\t\t\t<article class=\"post visible wrapper post-13008 type-post status-publish format-standard has-post-thumbnail hentry category-esg-info category-122 description-off\">\n\n\t\t\t\t\t\t\t<div class=\"post-content-wrapper\">\n\t\t\t\t\t\t\t\t\t\t\t\t\t\t\t\t\t<div class=\"the7-simple-post-thumb\">\n\t\t\t\t\t\t\t\t\t\t<a class=\"post-thumbnail-rollover layzr-bg img-css-resize-wrapper\" aria-label=\"Post image\" href=\"https:\/\/egis.hr\/en\/egis-road-safety-month\/\"><img decoding=\"async\" width=\"800\" height=\"500\" src=\"data:image\/svg+xml,%3Csvg%20xmlns%3D&#039;http%3A%2F%2Fwww.w3.org%2F2000%2Fsvg&#039;%20viewBox%3D&#039;0%200%20800%20500&#039;%2F%3E\" class=\"attachment-full size-full preload-me aspect lazy lazy-load\" alt=\"\" sizes=\"(max-width: 800px) 100vw, 800px\" style=\"--ratio: 800 \/ 500;\" data-src=\"https:\/\/egis.hr\/wp-content\/uploads\/2025\/05\/2025_Road-Safety-Campaign_T.jpg\" loading=\"eager\" data-srcset=\"https:\/\/egis.hr\/wp-content\/uploads\/2025\/05\/2025_Road-Safety-Campaign_T.jpg 800w, https:\/\/egis.hr\/wp-content\/uploads\/2025\/05\/2025_Road-Safety-Campaign_T-300x188.jpg 300w, https:\/\/egis.hr\/wp-content\/uploads\/2025\/05\/2025_Road-Safety-Campaign_T-768x480.jpg 768w\" \/><span class=\"the7-hover-icon\"><\/span><\/a>\t\t\t\t\t\t\t\t\t<\/div>\n\t\t\t\t\t\t\t\t\t\t\t\t\t\t\t\t<div class=\"post-entry-content\">\n\t\t\t\t\t\t\t\t\t<h5 class=\"heading\"><a href=\"https:\/\/egis.hr\/en\/egis-road-safety-month\/\" rel=\"bookmark\" title=\"Egis Road Safety Month\" class=\"post-title\">Egis Road Safety Month<\/a><\/h5><div class=\"entry-meta\"><span class=\"meta-item data-link\"><time class=\"entry-date updated\" datetime=\"2025-05-21T09:39:06+02:00\">21\/05\/2025<\/time><\/span><\/div><p class=\"short-description\">Safe decisions. Safe journeys. Safety Attitude. It all starts with you!<\/p><a href=\"https:\/\/egis.hr\/en\/egis-road-safety-month\/\" target=\"\" aria-label=\"Read more about Egis Road Safety Month\" class=\"box-button elementor-button elementor-size-sm\">More<\/a>\t\t\t\t\t\t\t\t<\/div>\n\t\t\t\t\t\t\t<\/div>\n\t\t\t\t\t\t<\/article>\n\t\t\t\t\t<\/div>\t\t\t\t\t\t\t\t\t\t<div class=\"wf-cell visible \">\n\t\t\t\t\t\t<article class=\"post visible wrapper post-12954 type-post status-publish format-standard has-post-thumbnail hentry category-esg-info category-122 description-off\">\n\n\t\t\t\t\t\t\t<div class=\"post-content-wrapper\">\n\t\t\t\t\t\t\t\t\t\t\t\t\t\t\t\t\t<div class=\"the7-simple-post-thumb\">\n\t\t\t\t\t\t\t\t\t\t<a class=\"post-thumbnail-rollover layzr-bg img-css-resize-wrapper\" aria-label=\"Post image\" href=\"https:\/\/egis.hr\/en\/world-day-for-healthy-and-safety-at-work\/\"><img decoding=\"async\" width=\"800\" height=\"500\" src=\"data:image\/svg+xml,%3Csvg%20xmlns%3D&#039;http%3A%2F%2Fwww.w3.org%2F2000%2Fsvg&#039;%20viewBox%3D&#039;0%200%20800%20500&#039;%2F%3E\" class=\"attachment-full size-full preload-me aspect lazy lazy-load\" alt=\"\" sizes=\"(max-width: 800px) 100vw, 800px\" style=\"--ratio: 800 \/ 500;\" data-src=\"https:\/\/egis.hr\/wp-content\/uploads\/2025\/04\/Safety-and-health-at-work.jpg\" loading=\"eager\" data-srcset=\"https:\/\/egis.hr\/wp-content\/uploads\/2025\/04\/Safety-and-health-at-work.jpg 800w, https:\/\/egis.hr\/wp-content\/uploads\/2025\/04\/Safety-and-health-at-work-300x188.jpg 300w, https:\/\/egis.hr\/wp-content\/uploads\/2025\/04\/Safety-and-health-at-work-768x480.jpg 768w\" \/><span class=\"the7-hover-icon\"><\/span><\/a>\t\t\t\t\t\t\t\t\t<\/div>\n\t\t\t\t\t\t\t\t\t\t\t\t\t\t\t\t<div class=\"post-entry-content\">\n\t\t\t\t\t\t\t\t\t<h5 class=\"heading\"><a href=\"https:\/\/egis.hr\/en\/world-day-for-healthy-and-safety-at-work\/\" rel=\"bookmark\" title=\"World Day for Healthy and Safety at Work\" class=\"post-title\">World Day for Healthy and Safety at Work<\/a><\/h5><div class=\"entry-meta\"><span class=\"meta-item data-link\"><time class=\"entry-date updated\" datetime=\"2025-04-28T15:11:16+02:00\">28\/04\/2025<\/time><\/span><\/div><p class=\"short-description\">At the center of everything is the human being \u2013 we must do everything we can to ensure safe workplaces for our employees by raising awareness of risks and dangers and methods of prevention and protection. Improving workplace health and safety through digital innovation is our ambition for the future.<\/p><a href=\"https:\/\/egis.hr\/en\/world-day-for-healthy-and-safety-at-work\/\" target=\"\" aria-label=\"Read more about World Day for Healthy and Safety at Work\" class=\"box-button elementor-button elementor-size-sm\">More<\/a>\t\t\t\t\t\t\t\t<\/div>\n\t\t\t\t\t\t\t<\/div>\n\t\t\t\t\t\t<\/article>\n\t\t\t\t\t<\/div>\t\t\t\t\t\t\t\t\t\t<div class=\"wf-cell visible \">\n\t\t\t\t\t\t<article class=\"post visible wrapper post-12824 type-post status-publish format-standard has-post-thumbnail hentry category-esg-info category-122 description-off\">\n\n\t\t\t\t\t\t\t<div class=\"post-content-wrapper\">\n\t\t\t\t\t\t\t\t\t\t\t\t\t\t\t\t\t<div class=\"the7-simple-post-thumb\">\n\t\t\t\t\t\t\t\t\t\t<a class=\"post-thumbnail-rollover layzr-bg img-css-resize-wrapper\" aria-label=\"Post image\" href=\"https:\/\/egis.hr\/en\/world-earth-day-3\/\"><img decoding=\"async\" width=\"800\" height=\"500\" src=\"data:image\/svg+xml,%3Csvg%20xmlns%3D&#039;http%3A%2F%2Fwww.w3.org%2F2000%2Fsvg&#039;%20viewBox%3D&#039;0%200%20800%20500&#039;%2F%3E\" class=\"attachment-full size-full preload-me aspect lazy lazy-load\" alt=\"\" sizes=\"(max-width: 800px) 100vw, 800px\" style=\"--ratio: 800 \/ 500;\" data-src=\"https:\/\/egis.hr\/wp-content\/uploads\/2024\/02\/SDB.jpg\" loading=\"eager\" data-srcset=\"https:\/\/egis.hr\/wp-content\/uploads\/2024\/02\/SDB.jpg 800w, https:\/\/egis.hr\/wp-content\/uploads\/2024\/02\/SDB-300x188.jpg 300w, https:\/\/egis.hr\/wp-content\/uploads\/2024\/02\/SDB-768x480.jpg 768w\" \/><span class=\"the7-hover-icon\"><\/span><\/a>\t\t\t\t\t\t\t\t\t<\/div>\n\t\t\t\t\t\t\t\t\t\t\t\t\t\t\t\t<div class=\"post-entry-content\">\n\t\t\t\t\t\t\t\t\t<h5 class=\"heading\"><a href=\"https:\/\/egis.hr\/en\/world-earth-day-3\/\" rel=\"bookmark\" title=\"World Earth day\" class=\"post-title\">World Earth day<\/a><\/h5><div class=\"entry-meta\"><span class=\"meta-item data-link\"><time class=\"entry-date updated\" datetime=\"2025-03-04T13:22:10+01:00\">04\/03\/2025<\/time><\/span><\/div><p class=\"short-description\">Earth Day, celebrated annually on April 22, is a global call to action to raise awareness about the importance of preserving the environment and sustainable living on our planet. This day reminds us that the Earth is our common home and that we all have a responsibility to protect the natural resources that make life possible...<\/p><a href=\"https:\/\/egis.hr\/en\/world-earth-day-3\/\" target=\"\" aria-label=\"Read more about World Earth day\" class=\"box-button elementor-button elementor-size-sm\">More<\/a>\t\t\t\t\t\t\t\t<\/div>\n\t\t\t\t\t\t\t<\/div>\n\t\t\t\t\t\t<\/article>\n\t\t\t\t\t<\/div>\t\t\t\t\t\t\t\t\t\t<div class=\"wf-cell visible \">\n\t\t\t\t\t\t<article class=\"post visible wrapper post-12820 type-post status-publish format-standard has-post-thumbnail hentry category-esg-info category-122 description-off\">\n\n\t\t\t\t\t\t\t<div class=\"post-content-wrapper\">\n\t\t\t\t\t\t\t\t\t\t\t\t\t\t\t\t\t<div class=\"the7-simple-post-thumb\">\n\t\t\t\t\t\t\t\t\t\t<a class=\"post-thumbnail-rollover layzr-bg img-css-resize-wrapper\" aria-label=\"Post image\" href=\"https:\/\/egis.hr\/en\/world-water-day-2\/\"><img decoding=\"async\" width=\"800\" height=\"500\" src=\"data:image\/svg+xml,%3Csvg%20xmlns%3D&#039;http%3A%2F%2Fwww.w3.org%2F2000%2Fsvg&#039;%20viewBox%3D&#039;0%200%20800%20500&#039;%2F%3E\" class=\"attachment-full size-full preload-me aspect lazy lazy-load\" alt=\"\" sizes=\"(max-width: 800px) 100vw, 800px\" style=\"--ratio: 800 \/ 500;\" data-src=\"https:\/\/egis.hr\/wp-content\/uploads\/2024\/02\/WWD.jpg\" loading=\"eager\" data-srcset=\"https:\/\/egis.hr\/wp-content\/uploads\/2024\/02\/WWD.jpg 800w, https:\/\/egis.hr\/wp-content\/uploads\/2024\/02\/WWD-300x188.jpg 300w, https:\/\/egis.hr\/wp-content\/uploads\/2024\/02\/WWD-768x480.jpg 768w\" \/><span class=\"the7-hover-icon\"><\/span><\/a>\t\t\t\t\t\t\t\t\t<\/div>\n\t\t\t\t\t\t\t\t\t\t\t\t\t\t\t\t<div class=\"post-entry-content\">\n\t\t\t\t\t\t\t\t\t<h5 class=\"heading\"><a href=\"https:\/\/egis.hr\/en\/world-water-day-2\/\" rel=\"bookmark\" title=\"World Water Day\" class=\"post-title\">World Water Day<\/a><\/h5><div class=\"entry-meta\"><span class=\"meta-item data-link\"><time class=\"entry-date updated\" datetime=\"2025-03-04T13:20:53+01:00\">04\/03\/2025<\/time><\/span><\/div><p class=\"short-description\">World Water Day, celebrated every year on 22 March, is an opportunity to raise awareness about the importance of water and the need for its sustainable use. Water is a fundamental resource on which life on Earth depends, yet millions of people around the world still lack access to clean water and sanitation...<\/p><a href=\"https:\/\/egis.hr\/en\/world-water-day-2\/\" target=\"\" aria-label=\"Read more about World Water Day\" class=\"box-button elementor-button elementor-size-sm\">More<\/a>\t\t\t\t\t\t\t\t<\/div>\n\t\t\t\t\t\t\t<\/div>\n\t\t\t\t\t\t<\/article>\n\t\t\t\t\t<\/div>\t\t\t\t\t\t\t\t\t\t<div class=\"wf-cell visible \">\n\t\t\t\t\t\t<article class=\"post visible wrapper post-12816 type-post status-publish format-standard has-post-thumbnail hentry category-esg-info category-122 description-off\">\n\n\t\t\t\t\t\t\t<div class=\"post-content-wrapper\">\n\t\t\t\t\t\t\t\t\t\t\t\t\t\t\t\t\t<div class=\"the7-simple-post-thumb\">\n\t\t\t\t\t\t\t\t\t\t<a class=\"post-thumbnail-rollover layzr-bg img-css-resize-wrapper\" aria-label=\"Post image\" href=\"https:\/\/egis.hr\/en\/world-recycling-day-2\/\"><img decoding=\"async\" width=\"800\" height=\"500\" src=\"data:image\/svg+xml,%3Csvg%20xmlns%3D&#039;http%3A%2F%2Fwww.w3.org%2F2000%2Fsvg&#039;%20viewBox%3D&#039;0%200%20800%20500&#039;%2F%3E\" class=\"attachment-full size-full preload-me aspect lazy lazy-load\" alt=\"\" sizes=\"(max-width: 800px) 100vw, 800px\" style=\"--ratio: 800 \/ 500;\" data-src=\"https:\/\/egis.hr\/wp-content\/uploads\/2024\/02\/GRD.jpg\" loading=\"eager\" data-srcset=\"https:\/\/egis.hr\/wp-content\/uploads\/2024\/02\/GRD.jpg 800w, https:\/\/egis.hr\/wp-content\/uploads\/2024\/02\/GRD-300x188.jpg 300w, https:\/\/egis.hr\/wp-content\/uploads\/2024\/02\/GRD-768x480.jpg 768w\" \/><span class=\"the7-hover-icon\"><\/span><\/a>\t\t\t\t\t\t\t\t\t<\/div>\n\t\t\t\t\t\t\t\t\t\t\t\t\t\t\t\t<div class=\"post-entry-content\">\n\t\t\t\t\t\t\t\t\t<h5 class=\"heading\"><a href=\"https:\/\/egis.hr\/en\/world-recycling-day-2\/\" rel=\"bookmark\" title=\"World recycling day\" class=\"post-title\">World recycling day<\/a><\/h5><div class=\"entry-meta\"><span class=\"meta-item data-link\"><time class=\"entry-date updated\" datetime=\"2025-03-04T13:19:18+01:00\">04\/03\/2025<\/time><\/span><\/div><p class=\"short-description\">WORLD RECYCLING DAY IS HELD GLOBALLY ON MARCH 18. Beginning in 2018, this initiative was launched to raise awareness about the importance of recycling and to encourage people to reduce waste and protect the environment...<\/p><a href=\"https:\/\/egis.hr\/en\/world-recycling-day-2\/\" target=\"\" aria-label=\"Read more about World recycling day\" class=\"box-button elementor-button elementor-size-sm\">More<\/a>\t\t\t\t\t\t\t\t<\/div>\n\t\t\t\t\t\t\t<\/div>\n\t\t\t\t\t\t<\/article>\n\t\t\t\t\t<\/div>\t\t\t\t\t\t\t\t<\/div>\n\t\t<div class=\"paginator filter-decorations filter-pointer-overline filter-animation-fade\" role=\"navigation\"><a href=\"https:\/\/egis.hr\/en\/wp-json\/wp\/v2\/pages\/11395\/\" class=\"page-numbers filter-item act\" data-page-num=\"1\">1<\/a><a href=\"https:\/\/egis.hr\/en\/wp-json\/wp\/v2\/pages\/11395\/page\/2\/\" class=\"page-numbers filter-item \" data-page-num=\"2\">2<\/a><a href=\"https:\/\/egis.hr\/en\/wp-json\/wp\/v2\/pages\/11395\/page\/3\/\" class=\"page-numbers filter-item \" data-page-num=\"3\">3<\/a><a href=\"https:\/\/egis.hr\/en\/wp-json\/wp\/v2\/pages\/11395\/page\/2\/\" class=\"page-numbers nav-next filter-item\" data-page-num=\"2\" >\u2192<\/a><\/div><\/div>\t\t<\/div>\n\t\t\t\t<\/div>\n\t\t\t\t<\/div>\n\t\t\t\t\t<\/div>\n\t\t\t\t<\/div>\n\t\t\t\t\t\t\t<\/div>\n\t\t","protected":false},"excerpt":{"rendered":"<p>Testna objava za ESG 04\/11\/2023 ENGLSEKI JEZIK&#8230;. Svjetski dan bioraznolikosti se obilje\u017eava od 1993. godine u temeljem rezolucije Ujedinjenih naroda. Dodatno, u Hrvatskoj se na isti dan obilje\u017eava i Dan za\u0161tite prirode. Bioraznolikost je raznolikost razli\u010ditih oblika \u017eivota na zemlji, uklju\u010duju\u0107i razli\u010dite biljke, \u017eivotinje, mikroorganizme, gene koje sadr\u017ee i ekosustav koji tvore. Ili drugim rije\u010dima,&hellip;<\/p>\n","protected":false},"author":1,"featured_media":0,"parent":0,"menu_order":10,"comment_status":"closed","ping_status":"closed","template":"","meta":{"footnotes":""},"acf":[],"yoast_head":"<!-- This site is optimized with the Yoast SEO plugin v22.0 - https:\/\/yoast.com\/wordpress\/plugins\/seo\/ -->\n<title>ESG - Egis<\/title>\n<meta name=\"robots\" content=\"index, follow, max-snippet:-1, max-image-preview:large, max-video-preview:-1\" \/>\n<link rel=\"canonical\" href=\"https:\/\/egis.hr\/en\/esg\/\" \/>\n<meta property=\"og:locale\" content=\"en_US\" \/>\n<meta property=\"og:type\" content=\"article\" \/>\n<meta property=\"og:title\" content=\"ESG - Egis\" \/>\n<meta property=\"og:description\" content=\"Testna objava za ESG 04\/11\/2023 ENGLSEKI JEZIK&#8230;. Svjetski dan bioraznolikosti se obilje\u017eava od 1993. godine u temeljem rezolucije Ujedinjenih naroda. Dodatno, u Hrvatskoj se na isti dan obilje\u017eava i Dan za\u0161tite prirode. Bioraznolikost je raznolikost razli\u010ditih oblika \u017eivota na zemlji, uklju\u010duju\u0107i razli\u010dite biljke, \u017eivotinje, mikroorganizme, gene koje sadr\u017ee i ekosustav koji tvore. Ili drugim rije\u010dima,&hellip;\" \/>\n<meta property=\"og:url\" content=\"https:\/\/egis.hr\/en\/esg\/\" \/>\n<meta property=\"og:site_name\" content=\"Egis\" \/>\n<meta property=\"article:modified_time\" content=\"2023-12-05T13:33:58+00:00\" \/>\n<meta name=\"twitter:card\" content=\"summary_large_image\" \/>\n<script type=\"application\/ld+json\" class=\"yoast-schema-graph\">{\"@context\":\"https:\/\/schema.org\",\"@graph\":[{\"@type\":\"WebPage\",\"@id\":\"https:\/\/egis.hr\/en\/esg\/\",\"url\":\"https:\/\/egis.hr\/en\/esg\/\",\"name\":\"ESG - Egis\",\"isPartOf\":{\"@id\":\"https:\/\/egis.hr\/#website\"},\"datePublished\":\"2020-04-07T11:59:00+00:00\",\"dateModified\":\"2023-12-05T13:33:58+00:00\",\"breadcrumb\":{\"@id\":\"https:\/\/egis.hr\/en\/esg\/#breadcrumb\"},\"inLanguage\":\"en-US\",\"potentialAction\":[{\"@type\":\"ReadAction\",\"target\":[\"https:\/\/egis.hr\/en\/esg\/\"]}]},{\"@type\":\"BreadcrumbList\",\"@id\":\"https:\/\/egis.hr\/en\/esg\/#breadcrumb\",\"itemListElement\":[{\"@type\":\"ListItem\",\"position\":1,\"name\":\"Po\u010detna stranica\",\"item\":\"https:\/\/egis.hr\/en\/egis\/\"},{\"@type\":\"ListItem\",\"position\":2,\"name\":\"ESG\"}]},{\"@type\":\"WebSite\",\"@id\":\"https:\/\/egis.hr\/#website\",\"url\":\"https:\/\/egis.hr\/\",\"name\":\"Egis\",\"description\":\"Operater na Autocesti Zagreb Macelj\",\"publisher\":{\"@id\":\"https:\/\/egis.hr\/#organization\"},\"potentialAction\":[{\"@type\":\"SearchAction\",\"target\":{\"@type\":\"EntryPoint\",\"urlTemplate\":\"https:\/\/egis.hr\/?s={search_term_string}\"},\"query-input\":\"required name=search_term_string\"}],\"inLanguage\":\"en-US\"},{\"@type\":\"Organization\",\"@id\":\"https:\/\/egis.hr\/#organization\",\"name\":\"Egis\",\"url\":\"https:\/\/egis.hr\/\",\"logo\":{\"@type\":\"ImageObject\",\"inLanguage\":\"en-US\",\"@id\":\"https:\/\/egis.hr\/#\/schema\/logo\/image\/\",\"url\":\"https:\/\/egis.hr\/wp-content\/uploads\/2023\/05\/egis-logo.png\",\"contentUrl\":\"https:\/\/egis.hr\/wp-content\/uploads\/2023\/05\/egis-logo.png\",\"width\":161,\"height\":60,\"caption\":\"Egis\"},\"image\":{\"@id\":\"https:\/\/egis.hr\/#\/schema\/logo\/image\/\"}}]}<\/script>\n<!-- \/ Yoast SEO plugin. -->","yoast_head_json":{"title":"ESG - Egis","robots":{"index":"index","follow":"follow","max-snippet":"max-snippet:-1","max-image-preview":"max-image-preview:large","max-video-preview":"max-video-preview:-1"},"canonical":"https:\/\/egis.hr\/en\/esg\/","og_locale":"en_US","og_type":"article","og_title":"ESG - Egis","og_description":"Testna objava za ESG 04\/11\/2023 ENGLSEKI JEZIK&#8230;. Svjetski dan bioraznolikosti se obilje\u017eava od 1993. godine u temeljem rezolucije Ujedinjenih naroda. Dodatno, u Hrvatskoj se na isti dan obilje\u017eava i Dan za\u0161tite prirode. Bioraznolikost je raznolikost razli\u010ditih oblika \u017eivota na zemlji, uklju\u010duju\u0107i razli\u010dite biljke, \u017eivotinje, mikroorganizme, gene koje sadr\u017ee i ekosustav koji tvore. Ili drugim rije\u010dima,&hellip;","og_url":"https:\/\/egis.hr\/en\/esg\/","og_site_name":"Egis","article_modified_time":"2023-12-05T13:33:58+00:00","twitter_card":"summary_large_image","schema":{"@context":"https:\/\/schema.org","@graph":[{"@type":"WebPage","@id":"https:\/\/egis.hr\/en\/esg\/","url":"https:\/\/egis.hr\/en\/esg\/","name":"ESG - Egis","isPartOf":{"@id":"https:\/\/egis.hr\/#website"},"datePublished":"2020-04-07T11:59:00+00:00","dateModified":"2023-12-05T13:33:58+00:00","breadcrumb":{"@id":"https:\/\/egis.hr\/en\/esg\/#breadcrumb"},"inLanguage":"en-US","potentialAction":[{"@type":"ReadAction","target":["https:\/\/egis.hr\/en\/esg\/"]}]},{"@type":"BreadcrumbList","@id":"https:\/\/egis.hr\/en\/esg\/#breadcrumb","itemListElement":[{"@type":"ListItem","position":1,"name":"Po\u010detna stranica","item":"https:\/\/egis.hr\/en\/egis\/"},{"@type":"ListItem","position":2,"name":"ESG"}]},{"@type":"WebSite","@id":"https:\/\/egis.hr\/#website","url":"https:\/\/egis.hr\/","name":"Egis","description":"Operater na Autocesti Zagreb Macelj","publisher":{"@id":"https:\/\/egis.hr\/#organization"},"potentialAction":[{"@type":"SearchAction","target":{"@type":"EntryPoint","urlTemplate":"https:\/\/egis.hr\/?s={search_term_string}"},"query-input":"required name=search_term_string"}],"inLanguage":"en-US"},{"@type":"Organization","@id":"https:\/\/egis.hr\/#organization","name":"Egis","url":"https:\/\/egis.hr\/","logo":{"@type":"ImageObject","inLanguage":"en-US","@id":"https:\/\/egis.hr\/#\/schema\/logo\/image\/","url":"https:\/\/egis.hr\/wp-content\/uploads\/2023\/05\/egis-logo.png","contentUrl":"https:\/\/egis.hr\/wp-content\/uploads\/2023\/05\/egis-logo.png","width":161,"height":60,"caption":"Egis"},"image":{"@id":"https:\/\/egis.hr\/#\/schema\/logo\/image\/"}}]}},"_links":{"self":[{"href":"https:\/\/egis.hr\/en\/wp-json\/wp\/v2\/pages\/11395"}],"collection":[{"href":"https:\/\/egis.hr\/en\/wp-json\/wp\/v2\/pages"}],"about":[{"href":"https:\/\/egis.hr\/en\/wp-json\/wp\/v2\/types\/page"}],"author":[{"embeddable":true,"href":"https:\/\/egis.hr\/en\/wp-json\/wp\/v2\/users\/1"}],"replies":[{"embeddable":true,"href":"https:\/\/egis.hr\/en\/wp-json\/wp\/v2\/comments?post=11395"}],"version-history":[{"count":7,"href":"https:\/\/egis.hr\/en\/wp-json\/wp\/v2\/pages\/11395\/revisions"}],"predecessor-version":[{"id":11677,"href":"https:\/\/egis.hr\/en\/wp-json\/wp\/v2\/pages\/11395\/revisions\/11677"}],"wp:attachment":[{"href":"https:\/\/egis.hr\/en\/wp-json\/wp\/v2\/media?parent=11395"}],"curies":[{"name":"wp","href":"https:\/\/api.w.org\/{rel}","templated":true}]}}